{"id":462,"date":"2016-09-06T22:43:59","date_gmt":"2016-09-06T20:43:59","guid":{"rendered":"http:\/\/www.terroirdaronton.fr\/artisans-vignerons\/?lang=en"},"modified":"2017-01-05T22:19:37","modified_gmt":"2017-01-05T21:19:37","slug":"artisan-winegrowers","status":"publish","type":"page","link":"https:\/\/www.terroirdaronton.fr\/en\/artisan-winegrowers\/","title":{"rendered":"Artisan winegrowers"},"content":{"rendered":"<p>The thirteen founder members, apostles of a terroir a thousand years old, have since blossomed into a group of 200 artisan winegrowers sharing the same name:<strong> Le Terroir Daronton.<\/strong><\/p>\n<p>Everyone meticulously tends their vines, vintage after vintage, using methods handed down from generations and pooling their resources. These men and women are passionate winegrowers who work hard in their vineyards every day while taking care to protect the environment and promote biodiversity.\u00a0<\/p>\n<p>Cooperating in a unique way, Rhon\u00e9a artisan winegrowers look after their family-owned vineyards with the greatest respect for local traditions.<\/p>\n","protected":false},"excerpt":{"rendered":"<p>The thirteen founder members, apostles of a terroir a thousand years old, have since blossomed into a group of 200 artisan winegrowers sharing the same name: Le Terroir Daronton. Everyone meticulously tends their vines, vintage after vintage, using methods handed down from generations and pooling their resources. These men and women are passionate winegrowers who [&hellip;]<\/p>\n","protected":false},"author":1,"featured_media":0,"parent":0,"menu_order":0,"comment_status":"closed","ping_status":"closed","template":"page-artisans.php","meta":{"_acf_changed":false,"footnotes":""},"class_list":["post-462","page","type-page","status-publish","hentry"],"acf":[],"yoast_head":"<!-- This site is optimized with the Yoast SEO plugin v26.1.1 - https:\/\/yoast.com\/wordpress\/plugins\/seo\/ -->\n<title>Le terroir Daronton, l&#039;union de 13 artisans vignerons passionn\u00e9s<\/title>\n<meta name=\"description\" content=\"Des artisans vignerons passionn\u00e9s par la terre qu&#039;ils cultivent c&#039;est surtout \u00e7a la force des vins du terroir Daronton, un vin de la Vall\u00e9e du Rh\u00f4ne\" \/>\n<meta name=\"robots\" content=\"index, follow, max-snippet:-1, max-image-preview:large, max-video-preview:-1\" \/>\n<link rel=\"canonical\" href=\"http:\/\/www.terroirdaronton.fr\/en\/artisan-winegrowers\/\" \/>\n<meta property=\"og:locale\" content=\"en_US\" \/>\n<meta property=\"og:type\" content=\"article\" \/>\n<meta property=\"og:title\" content=\"Le terroir Daronton, l&#039;union de 13 artisans vignerons passionn\u00e9s\" \/>\n<meta property=\"og:description\" content=\"Des artisans vignerons passionn\u00e9s par la terre qu&#039;ils cultivent c&#039;est surtout \u00e7a la force des vins du terroir Daronton, un vin de la Vall\u00e9e du Rh\u00f4ne\" \/>\n<meta property=\"og:url\" content=\"http:\/\/www.terroirdaronton.fr\/en\/artisan-winegrowers\/\" \/>\n<meta property=\"og:site_name\" content=\"Terroir Daronton\" \/>\n<meta property=\"article:modified_time\" content=\"2017-01-05T21:19:37+00:00\" \/>\n<meta name=\"twitter:card\" content=\"summary_large_image\" \/>\n<script type=\"application\/ld+json\" class=\"yoast-schema-graph\">{\"@context\":\"https:\/\/schema.org\",\"@graph\":[{\"@type\":\"WebPage\",\"@id\":\"http:\/\/www.terroirdaronton.fr\/en\/artisan-winegrowers\/\",\"url\":\"http:\/\/www.terroirdaronton.fr\/en\/artisan-winegrowers\/\",\"name\":\"Le terroir Daronton, l'union de 13 artisans vignerons passionn\u00e9s\",\"isPartOf\":{\"@id\":\"https:\/\/www.terroirdaronton.fr\/#website\"},\"datePublished\":\"2016-09-06T20:43:59+00:00\",\"dateModified\":\"2017-01-05T21:19:37+00:00\",\"description\":\"Des artisans vignerons passionn\u00e9s par la terre qu'ils cultivent c'est surtout \u00e7a la force des vins du terroir Daronton, un vin de la Vall\u00e9e du Rh\u00f4ne\",\"breadcrumb\":{\"@id\":\"http:\/\/www.terroirdaronton.fr\/en\/artisan-winegrowers\/#breadcrumb\"},\"inLanguage\":\"en-US\",\"potentialAction\":[{\"@type\":\"ReadAction\",\"target\":[\"http:\/\/www.terroirdaronton.fr\/en\/artisan-winegrowers\/\"]}]},{\"@type\":\"BreadcrumbList\",\"@id\":\"http:\/\/www.terroirdaronton.fr\/en\/artisan-winegrowers\/#breadcrumb\",\"itemListElement\":[{\"@type\":\"ListItem\",\"position\":1,\"name\":\"Accueil\",\"item\":\"https:\/\/www.terroirdaronton.fr\/en\/\"},{\"@type\":\"ListItem\",\"position\":2,\"name\":\"Artisan winegrowers\"}]},{\"@type\":\"WebSite\",\"@id\":\"https:\/\/www.terroirdaronton.fr\/#website\",\"url\":\"https:\/\/www.terroirdaronton.fr\/\",\"name\":\"Terroir Daronton\",\"description\":\"Artisans Vignerons dans le Vaucluse\",\"potentialAction\":[{\"@type\":\"SearchAction\",\"target\":{\"@type\":\"EntryPoint\",\"urlTemplate\":\"https:\/\/www.terroirdaronton.fr\/?s={search_term_string}\"},\"query-input\":{\"@type\":\"PropertyValueSpecification\",\"valueRequired\":true,\"valueName\":\"search_term_string\"}}],\"inLanguage\":\"en-US\"}]}<\/script>\n<!-- \/ Yoast SEO plugin. -->","yoast_head_json":{"title":"Le terroir Daronton, l'union de 13 artisans vignerons passionn\u00e9s","description":"Des artisans vignerons passionn\u00e9s par la terre qu'ils cultivent c'est surtout \u00e7a la force des vins du terroir Daronton, un vin de la Vall\u00e9e du Rh\u00f4ne","robots":{"index":"index","follow":"follow","max-snippet":"max-snippet:-1","max-image-preview":"max-image-preview:large","max-video-preview":"max-video-preview:-1"},"canonical":"http:\/\/www.terroirdaronton.fr\/en\/artisan-winegrowers\/","og_locale":"en_US","og_type":"article","og_title":"Le terroir Daronton, l'union de 13 artisans vignerons passionn\u00e9s","og_description":"Des artisans vignerons passionn\u00e9s par la terre qu'ils cultivent c'est surtout \u00e7a la force des vins du terroir Daronton, un vin de la Vall\u00e9e du Rh\u00f4ne","og_url":"http:\/\/www.terroirdaronton.fr\/en\/artisan-winegrowers\/","og_site_name":"Terroir Daronton","article_modified_time":"2017-01-05T21:19:37+00:00","twitter_card":"summary_large_image","schema":{"@context":"https:\/\/schema.org","@graph":[{"@type":"WebPage","@id":"http:\/\/www.terroirdaronton.fr\/en\/artisan-winegrowers\/","url":"http:\/\/www.terroirdaronton.fr\/en\/artisan-winegrowers\/","name":"Le terroir Daronton, l'union de 13 artisans vignerons passionn\u00e9s","isPartOf":{"@id":"https:\/\/www.terroirdaronton.fr\/#website"},"datePublished":"2016-09-06T20:43:59+00:00","dateModified":"2017-01-05T21:19:37+00:00","description":"Des artisans vignerons passionn\u00e9s par la terre qu'ils cultivent c'est surtout \u00e7a la force des vins du terroir Daronton, un vin de la Vall\u00e9e du Rh\u00f4ne","breadcrumb":{"@id":"http:\/\/www.terroirdaronton.fr\/en\/artisan-winegrowers\/#breadcrumb"},"inLanguage":"en-US","potentialAction":[{"@type":"ReadAction","target":["http:\/\/www.terroirdaronton.fr\/en\/artisan-winegrowers\/"]}]},{"@type":"BreadcrumbList","@id":"http:\/\/www.terroirdaronton.fr\/en\/artisan-winegrowers\/#breadcrumb","itemListElement":[{"@type":"ListItem","position":1,"name":"Accueil","item":"https:\/\/www.terroirdaronton.fr\/en\/"},{"@type":"ListItem","position":2,"name":"Artisan winegrowers"}]},{"@type":"WebSite","@id":"https:\/\/www.terroirdaronton.fr\/#website","url":"https:\/\/www.terroirdaronton.fr\/","name":"Terroir Daronton","description":"Artisans Vignerons dans le Vaucluse","potentialAction":[{"@type":"SearchAction","target":{"@type":"EntryPoint","urlTemplate":"https:\/\/www.terroirdaronton.fr\/?s={search_term_string}"},"query-input":{"@type":"PropertyValueSpecification","valueRequired":true,"valueName":"search_term_string"}}],"inLanguage":"en-US"}]}},"_links":{"self":[{"href":"https:\/\/www.terroirdaronton.fr\/en\/wp-json\/wp\/v2\/pages\/462","targetHints":{"allow":["GET"]}}],"collection":[{"href":"https:\/\/www.terroirdaronton.fr\/en\/wp-json\/wp\/v2\/pages"}],"about":[{"href":"https:\/\/www.terroirdaronton.fr\/en\/wp-json\/wp\/v2\/types\/page"}],"author":[{"embeddable":true,"href":"https:\/\/www.terroirdaronton.fr\/en\/wp-json\/wp\/v2\/users\/1"}],"replies":[{"embeddable":true,"href":"https:\/\/www.terroirdaronton.fr\/en\/wp-json\/wp\/v2\/comments?post=462"}],"version-history":[{"count":2,"href":"https:\/\/www.terroirdaronton.fr\/en\/wp-json\/wp\/v2\/pages\/462\/revisions"}],"predecessor-version":[{"id":470,"href":"https:\/\/www.terroirdaronton.fr\/en\/wp-json\/wp\/v2\/pages\/462\/revisions\/470"}],"wp:attachment":[{"href":"https:\/\/www.terroirdaronton.fr\/en\/wp-json\/wp\/v2\/media?parent=462"}],"curies":[{"name":"wp","href":"https:\/\/api.w.org\/{rel}","templated":true}]}}